{"id":434,"date":"2018-02-07T12:11:57","date_gmt":"2018-02-07T12:11:57","guid":{"rendered":"http:\/\/noti-america.com\/site\/us-ny\/?page_id=434"},"modified":"2018-11-24T13:01:43","modified_gmt":"2018-11-24T13:01:43","slug":"contacto","status":"publish","type":"page","link":"https:\/\/noti-america.com\/site\/us-ny\/contacto\/","title":{"rendered":"Contacto"},"content":{"rendered":"<div id=\"pl-434\" class=\"panel-layout\">\n<div id=\"pg-434-0\" class=\"panel-grid panel-no-style\">\n<div id=\"pgc-434-0-0\" class=\"panel-grid-cell\" data-weight=\"1\">\n<div id=\"panel-434-0-0-0\" class=\"so-panel widget widget_sow-editor panel-first-child panel-last-child\" data-index=\"0\">\n<div class=\"so-widget-sow-editor so-widget-sow-editor-base\">\n<div class=\"siteorigin-widget-tinymce textwidget\">\n<p dir=\"ltr\" style=\"text-align: center;\"><span style=\"color: #000000;\"><strong>Noti-America.com<\/strong><\/span><\/p>\n<p dir=\"ltr\"><span style=\"color: #000000;\"><b>MISI\u00d3N<\/b><strong>:<\/strong><\/span><\/p>\n<p dir=\"ltr\"><span style=\"color: #000000;\">Noti-am\u00e9rica.com tiene como misi\u00f3n construir una plataforma informativa digital para la difusi\u00f3n sistem\u00e1tica de las noticias m\u00e1s relevantes que se generen en\u00a0 el continente americano y el mundo.<\/span><\/p>\n<p dir=\"ltr\"><span style=\"color: #000000;\"><b>VISI\u00d3N:<\/b><\/span><\/p>\n<p dir=\"ltr\"><span style=\"color: #000000;\">Posicionarse a corto, mediano y largo plazo como el portal de noticias m\u00e1s completo con mayor reconocimiento y aceptaci\u00f3n entre las distintas comunidades del continente americano, por su actualidad informativa sobre el acontecer noticioso local y continental y por ofrecer la mejor programaci\u00f3n musical y de entretenimiento digital.<\/span><\/p>\n<p dir=\"ltr\"><span style=\"color: #000000;\"><b>VALORES CORPORATIVOS:<\/b><\/span><\/p>\n<p dir=\"ltr\"><span style=\"color: #000000;\">En\u00a0<a style=\"color: #000000;\" href=\"http:\/\/noti-america.com\/\" target=\"_blank\" rel=\"noopener\" data-saferedirecturl=\"https:\/\/www.google.com\/url?hl=es&amp;q=http:\/\/xn--noti-amrica-hbb.com\/&amp;source=gmail&amp;ust=1512773129800000&amp;usg=AFQjCNHeBQ6cRj2fBEOC_C2mltT7wvBiSQ\">noti-america.com<\/a>\u00a0defendemos los principios y valores de la Actualidad, Seriedad, Equidad, Respeto, Honestidad, Justicia, Profesionalismo, Compromiso con las distintas audiencias y la Calidad de Servicio.<\/span><\/p>\n<p dir=\"ltr\"><span style=\"color: #000000;\"><b>DIRECTORIO:<\/b><\/span><\/p>\n<p style=\"font-weight: 400;\"><span style=\"color: #000000;\"><strong><u><a style=\"color: #000000;\" href=\"http:\/\/noti-america.com\/us-ny\" data-saferedirecturl=\"https:\/\/www.google.com\/url?hl=es&amp;q=http:\/\/noti-america.com\/us-ny&amp;source=gmail&amp;ust=1519061744736000&amp;usg=AFQjCNF8i5iPxm-86ap6br0gt83-ggRcVg\">noti-america.com\/us-ny<\/a><\/u><\/strong><\/span><\/p>\n<p style=\"font-weight: 400;\"><span style=\"color: #000000;\"><strong>Director-Editor:\u00a0 \u00a0 \u00a0 \u00a0 \u00a0 \u00a0 \u00a0 \u00a0 \u00a0 \u00a0\u00a0<\/strong><\/span><\/p>\n<p style=\"font-weight: 400;\"><span style=\"color: #000000;\"><strong>Director de Desarrollo Web:\u00a0\u00a0\u00a0Rosmer Herrera<\/strong><\/span><\/p>\n<p style=\"font-weight: 400;\"><span style=\"color: #000000;\"><strong>\u00a0<\/strong><\/span><\/p>\n<p style=\"font-weight: 400;\"><span style=\"color: #000000;\"><strong>E-mails:<\/strong><\/span><\/p>\n<p style=\"font-weight: 400;\"><span style=\"color: #000000;\"><strong>\u00a0\u00a0\u00a0\u00a0\u00a0\u00a0\u00a0\u00a0\u00a0\u00a0\u00a0\u00a0\u00a0\u00a0\u00a0\u00a0\u00a0<a style=\"color: #000000;\" href=\"mailto:redaccionNY@noti-america.com\">redaccionNY@noti-america.com<\/a><\/strong><\/span><\/p>\n<p style=\"font-weight: 400;\"><span style=\"color: #000000;\"><strong>\u00a0\u00a0\u00a0\u00a0\u00a0\u00a0\u00a0\u00a0\u00a0\u00a0\u00a0\u00a0\u00a0\u00a0\u00a0\u00a0\u00a0<a style=\"color: #000000;\" href=\"mailto:PyM-USA1@noti-america.com\">PyM-USA1@noti-america.com<\/a><\/strong><\/span><\/p>\n<p style=\"font-weight: 400;\"><span style=\"color: #000000;\"><strong>\u00a0<\/strong><\/span><\/p>\n<p style=\"font-weight: 400;\"><span style=\"color: #000000;\"><strong>Tel\u00e9fonos:<\/strong><\/span><\/p>\n<p style=\"font-weight: 400;\"><span style=\"color: #000000;\"><strong>\u00a0\u00a0\u00a0\u00a0\u00a0\u00a0\u00a0\u00a0\u00a0\u00a0\u00a0\u00a0\u00a0\u00a0\u00a0\u00a0\u00a0<\/strong><\/span><\/p>\n<\/div>\n<\/div>\n<\/div>\n<\/div>\n<\/div>\n<\/div>\n","protected":false},"excerpt":{"rendered":"<p>Noti-America.com MISI\u00d3N: Noti-am\u00e9rica.com tiene como misi\u00f3n construir una plataforma informativa digital para la difusi\u00f3n sistem\u00e1tica de las noticias m\u00e1s relevantes que se generen en\u00a0 el continente americano y el mundo. VISI\u00d3N: Posicionarse a corto,&#46;&#46;&#46;<\/p>\n","protected":false},"author":1,"featured_media":0,"parent":0,"menu_order":0,"comment_status":"closed","ping_status":"closed","template":"","meta":{"footnotes":""},"class_list":["post-434","page","type-page","status-publish","hentry"],"_links":{"self":[{"href":"https:\/\/noti-america.com\/site\/us-ny\/wp-json\/wp\/v2\/pages\/434","targetHints":{"allow":["GET"]}}],"collection":[{"href":"https:\/\/noti-america.com\/site\/us-ny\/wp-json\/wp\/v2\/pages"}],"about":[{"href":"https:\/\/noti-america.com\/site\/us-ny\/wp-json\/wp\/v2\/types\/page"}],"author":[{"embeddable":true,"href":"https:\/\/noti-america.com\/site\/us-ny\/wp-json\/wp\/v2\/users\/1"}],"replies":[{"embeddable":true,"href":"https:\/\/noti-america.com\/site\/us-ny\/wp-json\/wp\/v2\/comments?post=434"}],"version-history":[{"count":10,"href":"https:\/\/noti-america.com\/site\/us-ny\/wp-json\/wp\/v2\/pages\/434\/revisions"}],"predecessor-version":[{"id":5583,"href":"https:\/\/noti-america.com\/site\/us-ny\/wp-json\/wp\/v2\/pages\/434\/revisions\/5583"}],"wp:attachment":[{"href":"https:\/\/noti-america.com\/site\/us-ny\/wp-json\/wp\/v2\/media?parent=434"}],"curies":[{"name":"wp","href":"https:\/\/api.w.org\/{rel}","templated":true}]}}