{"id":741,"date":"2018-01-31T12:05:14","date_gmt":"2018-01-31T12:05:14","guid":{"rendered":"http:\/\/noti-america.com\/site\/mexico\/?page_id=741"},"modified":"2019-03-04T13:29:41","modified_gmt":"2019-03-04T13:29:41","slug":"contacto","status":"publish","type":"page","link":"https:\/\/noti-america.com\/site\/mexico\/contacto\/","title":{"rendered":"Contacto"},"content":{"rendered":"<p dir=\"ltr\" style=\"text-align: center;\"><strong>Noti-America.com<\/strong><\/p>\n<p dir=\"ltr\"><b>MISI\u00d3N<\/b><strong>:<\/strong><\/p>\n<p dir=\"ltr\">Noti-am\u00e9rica.com tiene como misi\u00f3n construir una plataforma informativa digital para la difusi\u00f3n sistem\u00e1tica de las noticias m\u00e1s relevantes que se generen en\u00a0 el continente americano y el mundo.<\/p>\n<p dir=\"ltr\"><b>VISI\u00d3N:<\/b><\/p>\n<p dir=\"ltr\">Posicionarse a corto, mediano y largo plazo como el portal de noticias m\u00e1s completo y\u00a0 emisora de radio y televisi\u00f3n online con mayor reconocimiento y aceptaci\u00f3n entre las distintas comunidades del continente americano, por su actualidad informativa sobre el acontecer noticioso local y continental y por ofrecer la mejor programaci\u00f3n musical y de entretenimiento de la radio y televisi\u00f3n digital.<\/p>\n<p dir=\"ltr\"><b>VALORES CORPORATIVOS:<\/b><\/p>\n<p dir=\"ltr\">En\u00a0<a href=\"http:\/\/noti-america.com\/\" target=\"_blank\" rel=\"noopener noreferrer\" data-saferedirecturl=\"https:\/\/www.google.com\/url?hl=es&amp;q=http:\/\/xn--noti-amrica-hbb.com\/&amp;source=gmail&amp;ust=1512773129800000&amp;usg=AFQjCNHeBQ6cRj2fBEOC_C2mltT7wvBiSQ\">noti-america.com<\/a>\u00a0defendemos los principios y valores de la Actualidad, Seriedad, Equidad, Respeto, Honestidad, Justicia, Profesionalismo, Compromiso con las distintas audiencias y la Calidad de Servicio.<\/p>\n<p dir=\"ltr\"><b>DIRECTORIO:<\/b><\/p>\n<p dir=\"ltr\">Presidente-Editor:\u00a0 \u00a0 \u00a0 \u00a0 \u00a0 \u00a0 \u00a0 \u00a0 \u00a0 Rafael Pi\u00f1a Loaiza<\/p>\n<p dir=\"ltr\">Director de Mercadeo:\u00a0 \u00a0 \u00a0 \u00a0 \u00a0 \u00a0Jos\u00e9 Manuel Estevanot<\/p>\n<p dir=\"ltr\">Director de Desarrollo Web: \u00a0\u00a0Rosmer Herrera<\/p>\n<p dir=\"ltr\">E-mails: \u00a0\u00a0<a href=\"mailto:rafaelpinaloaiza@noti-america.com\" target=\"_blank\" rel=\"noopener noreferrer\">rafaelpinaloaiza@noti-americ<wbr \/>a.com<\/a><\/p>\n<p dir=\"ltr\">\u00a0 \u00a0 \u00a0 \u00a0 \u00a0 \u00a0 \u00a0 \u00a0 <a href=\"mailto:redaccion@noti-america.com\" target=\"_blank\" rel=\"noopener noreferrer\">redaccion@noti-america.com<\/a><\/p>\n<p dir=\"ltr\">\u00a0\u00a0\u00a0\u00a0\u00a0\u00a0\u00a0\u00a0\u00a0\u00a0\u00a0\u00a0\u00a0\u00a0\u00a0\u00a0<a href=\"mailto:publicidad@noti-america.com\" target=\"_blank\" rel=\"noopener noreferrer\">publicidad@no<wbr \/>ti-america.com<\/a><\/p>\n<p dir=\"ltr\">Tel\u00e9fonos: Houston,Texas\u00a0<a href=\"tel:(832)%20537-7926\" target=\"_blank\" rel=\"noopener noreferrer\">+1 832-537-7926<\/a><\/p>\n","protected":false},"excerpt":{"rendered":"<p>Noti-America.com MISI\u00d3N: Noti-am\u00e9rica.com tiene como misi\u00f3n construir una plataforma informativa digital para la difusi\u00f3n sistem\u00e1tica de las noticias m\u00e1s relevantes que se generen en\u00a0 el continente americano y el mundo. VISI\u00d3N: Posicionarse a corto,&#46;&#46;&#46;<\/p>\n","protected":false},"author":1,"featured_media":0,"parent":0,"menu_order":0,"comment_status":"closed","ping_status":"closed","template":"","meta":{"_acf_changed":false,"om_disable_all_campaigns":false,"rop_custom_images_group":[],"rop_custom_messages_group":[],"rop_publish_now":"initial","rop_publish_now_accounts":{"twitter_242054905_242054905":""},"rop_publish_now_history":[],"rop_publish_now_status":"pending","_uf_show_specific_survey":0,"_uf_disable_surveys":false,"footnotes":""},"class_list":["post-741","page","type-page","status-publish","hentry"],"acf":[],"aioseo_notices":[],"yoast_head":"<!-- This site is optimized with the Yoast SEO Premium plugin v24.9 (Yoast SEO v27.2) - https:\/\/yoast.com\/product\/yoast-seo-premium-wordpress\/ -->\n<title>Contacto - M\u00e9xico<\/title>\n<meta name=\"robots\" content=\"index, follow, max-snippet:-1, max-image-preview:large, max-video-preview:-1\" \/>\n<link rel=\"canonical\" href=\"https:\/\/noti-america.com\/site\/mexico\/contacto\/\" \/>\n<meta property=\"og:locale\" content=\"es_ES\" \/>\n<meta property=\"og:type\" content=\"article\" \/>\n<meta property=\"og:title\" content=\"Contacto\" \/>\n<meta property=\"og:description\" content=\"Noti-America.com MISI\u00d3N: Noti-am\u00e9rica.com tiene como misi\u00f3n construir una plataforma informativa digital para la difusi\u00f3n sistem\u00e1tica de las noticias m\u00e1s relevantes que se generen en\u00a0 el continente americano y el mundo. VISI\u00d3N: Posicionarse a corto,&#046;&#046;&#046;\" \/>\n<meta property=\"og:url\" content=\"https:\/\/noti-america.com\/site\/mexico\/contacto\/\" \/>\n<meta property=\"og:site_name\" content=\"M\u00e9xico\" \/>\n<meta property=\"article:modified_time\" content=\"2019-03-04T13:29:41+00:00\" \/>\n<meta name=\"twitter:card\" content=\"summary_large_image\" \/>\n<meta name=\"twitter:label1\" content=\"Tiempo estimado de lectura\" \/>\n\t<meta name=\"twitter:data1\" content=\"1 minuto\" \/>\n<script type=\"application\/ld+json\" class=\"yoast-schema-graph\">{\"@context\":\"https:\/\/schema.org\",\"@graph\":[{\"@type\":\"WebPage\",\"@id\":\"https:\/\/noti-america.com\/site\/mexico\/contacto\/\",\"url\":\"https:\/\/noti-america.com\/site\/mexico\/contacto\/\",\"name\":\"Contacto - M\u00e9xico\",\"isPartOf\":{\"@id\":\"https:\/\/noti-america.com\/site\/mexico\/#website\"},\"datePublished\":\"2018-01-31T12:05:14+00:00\",\"dateModified\":\"2019-03-04T13:29:41+00:00\",\"breadcrumb\":{\"@id\":\"https:\/\/noti-america.com\/site\/mexico\/contacto\/#breadcrumb\"},\"inLanguage\":\"es\",\"potentialAction\":[{\"@type\":\"ReadAction\",\"target\":[\"https:\/\/noti-america.com\/site\/mexico\/contacto\/\"]}]},{\"@type\":\"BreadcrumbList\",\"@id\":\"https:\/\/noti-america.com\/site\/mexico\/contacto\/#breadcrumb\",\"itemListElement\":[{\"@type\":\"ListItem\",\"position\":1,\"name\":\"Portada\",\"item\":\"https:\/\/noti-america.com\/site\/mexico\/\"},{\"@type\":\"ListItem\",\"position\":2,\"name\":\"Contacto\"}]},{\"@type\":\"WebSite\",\"@id\":\"https:\/\/noti-america.com\/site\/mexico\/#website\",\"url\":\"https:\/\/noti-america.com\/site\/mexico\/\",\"name\":\"M\u00e9xico | Noti-America.com\",\"description\":\"\",\"publisher\":{\"@id\":\"https:\/\/noti-america.com\/site\/mexico\/#organization\"},\"potentialAction\":[{\"@type\":\"SearchAction\",\"target\":{\"@type\":\"EntryPoint\",\"urlTemplate\":\"https:\/\/noti-america.com\/site\/mexico\/?s={search_term_string}\"},\"query-input\":{\"@type\":\"PropertyValueSpecification\",\"valueRequired\":true,\"valueName\":\"search_term_string\"}}],\"inLanguage\":\"es\"},{\"@type\":\"Organization\",\"@id\":\"https:\/\/noti-america.com\/site\/mexico\/#organization\",\"name\":\"Noti-America LLC | M\u00e9xico\",\"url\":\"https:\/\/noti-america.com\/site\/mexico\/\",\"logo\":{\"@type\":\"ImageObject\",\"inLanguage\":\"es\",\"@id\":\"https:\/\/noti-america.com\/site\/mexico\/#\/schema\/logo\/image\/\",\"url\":\"https:\/\/noti-america.com\/site\/mexico\/wp-content\/uploads\/sites\/13\/2020\/07\/LogoNA-4x3-1.jpg\",\"contentUrl\":\"https:\/\/noti-america.com\/site\/mexico\/wp-content\/uploads\/sites\/13\/2020\/07\/LogoNA-4x3-1.jpg\",\"width\":1236,\"height\":1080,\"caption\":\"Noti-America LLC | M\u00e9xico\"},\"image\":{\"@id\":\"https:\/\/noti-america.com\/site\/mexico\/#\/schema\/logo\/image\/\"}}]}<\/script>\n<!-- \/ Yoast SEO Premium plugin. -->","yoast_head_json":{"title":"Contacto - M\u00e9xico","robots":{"index":"index","follow":"follow","max-snippet":"max-snippet:-1","max-image-preview":"max-image-preview:large","max-video-preview":"max-video-preview:-1"},"canonical":"https:\/\/noti-america.com\/site\/mexico\/contacto\/","og_locale":"es_ES","og_type":"article","og_title":"Contacto","og_description":"Noti-America.com MISI\u00d3N: Noti-am\u00e9rica.com tiene como misi\u00f3n construir una plataforma informativa digital para la difusi\u00f3n sistem\u00e1tica de las noticias m\u00e1s relevantes que se generen en\u00a0 el continente americano y el mundo. VISI\u00d3N: Posicionarse a corto,&#46;&#46;&#46;","og_url":"https:\/\/noti-america.com\/site\/mexico\/contacto\/","og_site_name":"M\u00e9xico","article_modified_time":"2019-03-04T13:29:41+00:00","twitter_card":"summary_large_image","twitter_misc":{"Tiempo estimado de lectura":"1 minuto"},"schema":{"@context":"https:\/\/schema.org","@graph":[{"@type":"WebPage","@id":"https:\/\/noti-america.com\/site\/mexico\/contacto\/","url":"https:\/\/noti-america.com\/site\/mexico\/contacto\/","name":"Contacto - M\u00e9xico","isPartOf":{"@id":"https:\/\/noti-america.com\/site\/mexico\/#website"},"datePublished":"2018-01-31T12:05:14+00:00","dateModified":"2019-03-04T13:29:41+00:00","breadcrumb":{"@id":"https:\/\/noti-america.com\/site\/mexico\/contacto\/#breadcrumb"},"inLanguage":"es","potentialAction":[{"@type":"ReadAction","target":["https:\/\/noti-america.com\/site\/mexico\/contacto\/"]}]},{"@type":"BreadcrumbList","@id":"https:\/\/noti-america.com\/site\/mexico\/contacto\/#breadcrumb","itemListElement":[{"@type":"ListItem","position":1,"name":"Portada","item":"https:\/\/noti-america.com\/site\/mexico\/"},{"@type":"ListItem","position":2,"name":"Contacto"}]},{"@type":"WebSite","@id":"https:\/\/noti-america.com\/site\/mexico\/#website","url":"https:\/\/noti-america.com\/site\/mexico\/","name":"M\u00e9xico | Noti-America.com","description":"","publisher":{"@id":"https:\/\/noti-america.com\/site\/mexico\/#organization"},"potentialAction":[{"@type":"SearchAction","target":{"@type":"EntryPoint","urlTemplate":"https:\/\/noti-america.com\/site\/mexico\/?s={search_term_string}"},"query-input":{"@type":"PropertyValueSpecification","valueRequired":true,"valueName":"search_term_string"}}],"inLanguage":"es"},{"@type":"Organization","@id":"https:\/\/noti-america.com\/site\/mexico\/#organization","name":"Noti-America LLC | M\u00e9xico","url":"https:\/\/noti-america.com\/site\/mexico\/","logo":{"@type":"ImageObject","inLanguage":"es","@id":"https:\/\/noti-america.com\/site\/mexico\/#\/schema\/logo\/image\/","url":"https:\/\/noti-america.com\/site\/mexico\/wp-content\/uploads\/sites\/13\/2020\/07\/LogoNA-4x3-1.jpg","contentUrl":"https:\/\/noti-america.com\/site\/mexico\/wp-content\/uploads\/sites\/13\/2020\/07\/LogoNA-4x3-1.jpg","width":1236,"height":1080,"caption":"Noti-America LLC | M\u00e9xico"},"image":{"@id":"https:\/\/noti-america.com\/site\/mexico\/#\/schema\/logo\/image\/"}}]}},"_links":{"self":[{"href":"https:\/\/noti-america.com\/site\/mexico\/wp-json\/wp\/v2\/pages\/741","targetHints":{"allow":["GET"]}}],"collection":[{"href":"https:\/\/noti-america.com\/site\/mexico\/wp-json\/wp\/v2\/pages"}],"about":[{"href":"https:\/\/noti-america.com\/site\/mexico\/wp-json\/wp\/v2\/types\/page"}],"author":[{"embeddable":true,"href":"https:\/\/noti-america.com\/site\/mexico\/wp-json\/wp\/v2\/users\/1"}],"replies":[{"embeddable":true,"href":"https:\/\/noti-america.com\/site\/mexico\/wp-json\/wp\/v2\/comments?post=741"}],"version-history":[{"count":2,"href":"https:\/\/noti-america.com\/site\/mexico\/wp-json\/wp\/v2\/pages\/741\/revisions"}],"predecessor-version":[{"id":3654,"href":"https:\/\/noti-america.com\/site\/mexico\/wp-json\/wp\/v2\/pages\/741\/revisions\/3654"}],"wp:attachment":[{"href":"https:\/\/noti-america.com\/site\/mexico\/wp-json\/wp\/v2\/media?parent=741"}],"curies":[{"name":"wp","href":"https:\/\/api.w.org\/{rel}","templated":true}]}}