{"id":509,"date":"2018-01-09T21:17:30","date_gmt":"2018-01-09T21:17:30","guid":{"rendered":"http:\/\/noti-america.com\/site\/italia\/?page_id=509"},"modified":"2018-01-09T21:17:30","modified_gmt":"2018-01-09T21:17:30","slug":"contacto","status":"publish","type":"page","link":"https:\/\/noti-america.com\/site\/italia\/contacto\/","title":{"rendered":"Contacto"},"content":{"rendered":"<p dir=\"ltr\" style=\"text-align: center;\"><strong>Noti-America.com<\/strong><\/p>\n<p dir=\"ltr\"><b>MISI\u00d3N<\/b><strong>:<\/strong><\/p>\n<p dir=\"ltr\">Noti-am\u00e9rica.com tiene como misi\u00f3n construir una plataforma informativa digital para la difusi\u00f3n sistem\u00e1tica de las noticias m\u00e1s relevantes que se generen en\u00a0 el continente americano y el mundo.<\/p>\n<p dir=\"ltr\"><b>VISI\u00d3N:<\/b><\/p>\n<p dir=\"ltr\">Posicionarse a corto, mediano y largo plazo como el portal de noticias m\u00e1s completo y\u00a0 emisora de radio y televisi\u00f3n online con mayor reconocimiento y aceptaci\u00f3n entre las distintas comunidades del continente americano, por su actualidad informativa sobre el acontecer noticioso local y continental y por ofrecer la mejor programaci\u00f3n musical y de entretenimiento de la radio y televisi\u00f3n digital.<\/p>\n<p dir=\"ltr\"><b>VALORES CORPORATIVOS:<\/b><\/p>\n<p dir=\"ltr\">En\u00a0<a href=\"http:\/\/noti-america.com\/\" target=\"_blank\" rel=\"noopener\" data-saferedirecturl=\"https:\/\/www.google.com\/url?hl=es&amp;q=http:\/\/xn--noti-amrica-hbb.com\/&amp;source=gmail&amp;ust=1512773129800000&amp;usg=AFQjCNHeBQ6cRj2fBEOC_C2mltT7wvBiSQ\">noti-america.com<\/a>\u00a0defendemos los principios y valores de la Actualidad, Seriedad, Equidad, Respeto, Honestidad, Justicia, Profesionalismo, Compromiso con las distintas audiencias y la Calidad de Servicio.<\/p>\n<p dir=\"ltr\"><b>DIRECTORIO:<\/b><\/p>\n<p dir=\"ltr\">Presidente-Editor:\u00a0 \u00a0 \u00a0 \u00a0 \u00a0 \u00a0 \u00a0 \u00a0 \u00a0 Rafael Pi\u00f1a Loaiza<\/p>\n<p dir=\"ltr\">Asesor Comunicacional:\u00a0 \u00a0 \u00a0 \u00a0 Giovanni Daboin<\/p>\n<p dir=\"ltr\">Director de Mercadeo:\u00a0 \u00a0 \u00a0 \u00a0 \u00a0 \u00a0Jos\u00e9 Manuel Estevanot<\/p>\n<p dir=\"ltr\">Director de Desarrollo Web: \u00a0\u00a0Rosmer Herrera<\/p>\n<p dir=\"ltr\">E-mails: \u00a0\u00a0<a href=\"mailto:rafaelpinaloaiza@noti-america.com\" target=\"_blank\" rel=\"noopener\">rafaelpinaloaiza@noti-americ<wbr \/>a.com<\/a><\/p>\n<p dir=\"ltr\">\u00a0 \u00a0 \u00a0 \u00a0 \u00a0 \u00a0 \u00a0 \u00a0 <a href=\"mailto:redaccion@noti-america.com\" target=\"_blank\" rel=\"noopener\">redaccion@noti-america.com<\/a><\/p>\n<p dir=\"ltr\">\u00a0\u00a0\u00a0\u00a0\u00a0\u00a0\u00a0\u00a0\u00a0\u00a0\u00a0\u00a0\u00a0\u00a0\u00a0\u00a0<a href=\"mailto:publicidad@noti-america.com\" target=\"_blank\" rel=\"noopener\">publicidad@no<wbr \/>ti-america.com<\/a><\/p>\n<p dir=\"ltr\">Tel\u00e9fonos: Houston,Texas\u00a0<a href=\"tel:(832)%20537-7926\" target=\"_blank\" rel=\"noopener\">+1 832-537-7926<\/a><\/p>\n","protected":false},"excerpt":{"rendered":"<p>Noti-America.com MISI\u00d3N: Noti-am\u00e9rica.com tiene como misi\u00f3n construir una plataforma informativa digital para la difusi\u00f3n sistem\u00e1tica de las noticias m\u00e1s relevantes que se generen en\u00a0 el continente americano y el mundo. VISI\u00d3N: Posicionarse a corto,&#46;&#46;&#46;<\/p>\n","protected":false},"author":1,"featured_media":0,"parent":0,"menu_order":0,"comment_status":"closed","ping_status":"closed","template":"","meta":{"om_disable_all_campaigns":false,"_uf_show_specific_survey":0,"_uf_disable_surveys":false,"footnotes":""},"class_list":["post-509","page","type-page","status-publish","hentry"],"aioseo_notices":[],"_links":{"self":[{"href":"https:\/\/noti-america.com\/site\/italia\/wp-json\/wp\/v2\/pages\/509","targetHints":{"allow":["GET"]}}],"collection":[{"href":"https:\/\/noti-america.com\/site\/italia\/wp-json\/wp\/v2\/pages"}],"about":[{"href":"https:\/\/noti-america.com\/site\/italia\/wp-json\/wp\/v2\/types\/page"}],"author":[{"embeddable":true,"href":"https:\/\/noti-america.com\/site\/italia\/wp-json\/wp\/v2\/users\/1"}],"replies":[{"embeddable":true,"href":"https:\/\/noti-america.com\/site\/italia\/wp-json\/wp\/v2\/comments?post=509"}],"version-history":[{"count":1,"href":"https:\/\/noti-america.com\/site\/italia\/wp-json\/wp\/v2\/pages\/509\/revisions"}],"predecessor-version":[{"id":510,"href":"https:\/\/noti-america.com\/site\/italia\/wp-json\/wp\/v2\/pages\/509\/revisions\/510"}],"wp:attachment":[{"href":"https:\/\/noti-america.com\/site\/italia\/wp-json\/wp\/v2\/media?parent=509"}],"curies":[{"name":"wp","href":"https:\/\/api.w.org\/{rel}","templated":true}]}}