{"id":563,"date":"2017-12-16T00:55:07","date_gmt":"2017-12-16T00:55:07","guid":{"rendered":"http:\/\/noti-america.com\/site\/us-tn\/?page_id=563"},"modified":"2020-01-12T12:20:53","modified_gmt":"2020-01-12T12:20:53","slug":"contactenos","status":"publish","type":"page","link":"https:\/\/noti-america.com\/site\/georgia\/contactenos\/","title":{"rendered":"Qui\u00e9nes somos?"},"content":{"rendered":"<h4><img decoding=\"async\" src=\"https:\/\/noti-america.com\/site\/us-tn\/wp-content\/uploads\/sites\/5\/2017\/08\/Tennessee-Banner-1380.png\" alt=\"Tennessee | Noti-America.com\" \/><\/h4>\n<p>&nbsp;<\/p>\n<p style=\"text-align: center;\"><span style=\"color: #000000;\"><strong>\u00a0PRESENTACI\u00d3N<\/strong><\/span><\/p>\n<p style=\"text-align: center;\"><span style=\"color: #000000;\"><strong>www.noti-america.com\/us-tn\/ es un portal informativo, filial de www.noti-america.com, que se especializa en producir, recopilar, publicar y transmitir de manera sistem\u00e1tica noticias en idioma espa\u00f1ol\u00a0 sobre el acontecer\u00a0 general del continente americano; otorg\u00e1ndole un especial \u00e9nfasis e inter\u00e9s a las noticias de \u00e1mbito local de Tennessee, como un aporte particular para promover y difundir el fomento y desarrollo\u00a0 de las diferentes comunidades hispanas e instituciones que hacen vida en ese estado.<\/strong><\/span><\/p>\n<p>&nbsp;<\/p>\n<p style=\"text-align: center;\"><span style=\"color: #000000;\"><strong>MISI\u00d3<\/strong><\/span><span style=\"color: #000000;\"><strong>N<\/strong><\/span><\/p>\n<p style=\"text-align: center;\"><strong><span style=\"color: #000000;\">www.noti-am\u00e9rica.com\/us-tn tiene como misi\u00f3n constituirse y consolidarse\u00a0 <\/span><\/strong><strong><span style=\"color: #000000;\">como una plataforma informativa digital para la difusi\u00f3n sistem\u00e1tica de las noticias m\u00e1s relevantes <\/span><\/strong><strong><span style=\"color: #000000;\">que se generen en\u00a0 el estado de Tennessee, EE.UU, el continente americano y el mundo.<\/span><\/strong><\/p>\n<p>&nbsp;<\/p>\n<p style=\"text-align: center;\"><strong><span style=\"color: #000000;\">VISI\u00d3N<\/span><\/strong><\/p>\n<p style=\"text-align: center;\"><strong><span style=\"color: #000000;\">Posicionarse a corto, mediano y largo plazo como el portal de noticias\u00a0 con mayor reconocimiento y aceptaci\u00f3n\u00a0 <\/span><\/strong><strong><span style=\"color: #000000;\">entre las distintas comunidades del estado de Tennessee, EE.UU y el continente americano,\u00a0 <\/span><\/strong><strong><span style=\"color: #000000;\">por su actualidad informativa sobre el acontecer noticioso local y continental.<\/span><\/strong><\/p>\n<p>&nbsp;<\/p>\n<p style=\"text-align: center;\"><strong><span style=\"color: #000000;\">VALORES CORPORATIVOS<\/span><\/strong><\/p>\n<p style=\"text-align: center;\"><strong><span style=\"color: #000000;\">En www.noti-am\u00e9rica.com\/us-tn defendemos los principios y valores como la actualidad, pluralidad, <\/span><\/strong><strong><span style=\"color: #000000;\">seriedad, equidad, respeto, honestidad, justicia, profesionalismo y compromiso.<\/span><\/strong><\/p>\n<p>&nbsp;<\/p>\n<p style=\"text-align: center;\"><strong>E-mail: notiamericatn@gmail.com<\/strong><\/p>\n<p>&nbsp;<\/p>\n<p>&nbsp;<\/p>\n<p>&nbsp;<\/p>\n","protected":false},"excerpt":{"rendered":"<p>&nbsp; \u00a0PRESENTACI\u00d3N www.noti-america.com\/us-tn\/ es un portal informativo, filial de www.noti-america.com, que se especializa en producir, recopilar, publicar y transmitir de manera sistem\u00e1tica noticias en idioma espa\u00f1ol\u00a0 sobre el acontecer\u00a0 general del continente americano; otorg\u00e1ndole un especial \u00e9nfasis e inter\u00e9s a&#8230;<\/p>\n","protected":false},"author":1,"featured_media":0,"parent":0,"menu_order":0,"comment_status":"closed","ping_status":"closed","template":"","meta":{"footnotes":""},"class_list":["post-563","page","type-page","status-publish","hentry"],"_links":{"self":[{"href":"https:\/\/noti-america.com\/site\/georgia\/wp-json\/wp\/v2\/pages\/563","targetHints":{"allow":["GET"]}}],"collection":[{"href":"https:\/\/noti-america.com\/site\/georgia\/wp-json\/wp\/v2\/pages"}],"about":[{"href":"https:\/\/noti-america.com\/site\/georgia\/wp-json\/wp\/v2\/types\/page"}],"author":[{"embeddable":true,"href":"https:\/\/noti-america.com\/site\/georgia\/wp-json\/wp\/v2\/users\/1"}],"replies":[{"embeddable":true,"href":"https:\/\/noti-america.com\/site\/georgia\/wp-json\/wp\/v2\/comments?post=563"}],"version-history":[{"count":34,"href":"https:\/\/noti-america.com\/site\/georgia\/wp-json\/wp\/v2\/pages\/563\/revisions"}],"predecessor-version":[{"id":15706,"href":"https:\/\/noti-america.com\/site\/georgia\/wp-json\/wp\/v2\/pages\/563\/revisions\/15706"}],"wp:attachment":[{"href":"https:\/\/noti-america.com\/site\/georgia\/wp-json\/wp\/v2\/media?parent=563"}],"curies":[{"name":"wp","href":"https:\/\/api.w.org\/{rel}","templated":true}]}}